{"id":95,"date":"2022-02-27T11:24:47","date_gmt":"2022-02-27T10:24:47","guid":{"rendered":"https:\/\/vwa.de\/vwa-intern\/?page_id=95"},"modified":"2025-03-26T20:27:51","modified_gmt":"2025-03-26T19:27:51","slug":"passwort-vergessen","status":"publish","type":"page","link":"https:\/\/vwa.de\/vwa-intern\/passwort-vergessen\/","title":{"rendered":"Passwort vergessen"},"content":{"rendered":"<p><div class=\"fusion-fullwidth fullwidth-box fusion-builder-row-1 fusion-flex-container nonhundred-percent-fullwidth non-hundred-percent-height-scrolling\" style=\"--awb-border-radius-top-left:0px;--awb-border-radius-top-right:0px;--awb-border-radius-bottom-right:0px;--awb-border-radius-bottom-left:0px;--awb-flex-wrap:wrap;\" ><div class=\"fusion-builder-row fusion-row fusion-flex-align-items-flex-start fusion-flex-content-wrap\" style=\"max-width:1248px;margin-left: calc(-4% \/ 2 );margin-right: calc(-4% \/ 2 );\"><div class=\"fusion-layout-column fusion_builder_column fusion-builder-column-0 fusion_builder_column_1_1 1_1 fusion-flex-column\" style=\"--awb-bg-size:cover;--awb-width-large:100%;--awb-margin-top-large:0px;--awb-spacing-right-large:1.92%;--awb-margin-bottom-large:20px;--awb-spacing-left-large:1.92%;--awb-width-medium:100%;--awb-order-medium:0;--awb-spacing-right-medium:1.92%;--awb-spacing-left-medium:1.92%;--awb-width-small:100%;--awb-order-small:0;--awb-spacing-right-small:1.92%;--awb-spacing-left-small:1.92%;\"><div class=\"fusion-column-wrapper fusion-column-has-shadow fusion-flex-justify-content-flex-start fusion-content-layout-column\"><div class=\"fusion-alert alert error alert-danger fusion-alert-center awb-alert-native-link-color alert-dismissable awb-alert-close-boxed\" role=\"alert\"><div class=\"fusion-alert-content-wrapper\"><span class=\"alert-icon\"><i class=\"awb-icon-exclamation-triangle\" aria-hidden=\"true\"><\/i><\/span><span class=\"fusion-alert-content\">Vielen Dank f\u00fcr Ihr Interesse! Die Mitglieder des Bundesverbandes Deutscher Verwaltungs- und Wirtschaftsakademien e. V. k\u00f6nnen per E-Mail bei der Bundesgesch\u00e4ftsstelle einen Account erstellen bzw. das Passwort zur\u00fccksetzen lassen.<\/span><\/div><button type=\"button\" class=\"close toggle-alert\" data-dismiss=\"alert\" aria-label=\"Close\">&times;<\/button><\/div><\/div><\/div><\/div><\/div><\/p>\n","protected":false},"excerpt":{"rendered":"","protected":false},"author":1,"featured_media":0,"parent":0,"menu_order":200,"comment_status":"closed","ping_status":"closed","template":"100-width.php","meta":{"_acf_changed":false,"footnotes":""},"class_list":["post-95","page","type-page","status-publish","hentry"],"acf":[],"_links":{"self":[{"href":"https:\/\/vwa.de\/vwa-intern\/wp-json\/wp\/v2\/pages\/95","targetHints":{"allow":["GET"]}}],"collection":[{"href":"https:\/\/vwa.de\/vwa-intern\/wp-json\/wp\/v2\/pages"}],"about":[{"href":"https:\/\/vwa.de\/vwa-intern\/wp-json\/wp\/v2\/types\/page"}],"author":[{"embeddable":true,"href":"https:\/\/vwa.de\/vwa-intern\/wp-json\/wp\/v2\/users\/1"}],"replies":[{"embeddable":true,"href":"https:\/\/vwa.de\/vwa-intern\/wp-json\/wp\/v2\/comments?post=95"}],"version-history":[{"count":13,"href":"https:\/\/vwa.de\/vwa-intern\/wp-json\/wp\/v2\/pages\/95\/revisions"}],"predecessor-version":[{"id":742,"href":"https:\/\/vwa.de\/vwa-intern\/wp-json\/wp\/v2\/pages\/95\/revisions\/742"}],"wp:attachment":[{"href":"https:\/\/vwa.de\/vwa-intern\/wp-json\/wp\/v2\/media?parent=95"}],"curies":[{"name":"wp","href":"https:\/\/api.w.org\/{rel}","templated":true}]}}